{"id":15,"date":"2018-06-04T08:33:10","date_gmt":"2018-06-04T08:33:10","guid":{"rendered":"http:\/\/obalynamiru.cz\/?page_id=15"},"modified":"2018-06-07T09:27:18","modified_gmt":"2018-06-07T09:27:18","slug":"zamestnani","status":"publish","type":"page","link":"https:\/\/obalynamiru.cz\/index.php\/zamestnani\/","title":{"rendered":"Ostatn\u00ed obaly"},"content":{"rendered":"<ul>\n<li><strong><strong>3D OBALY:<\/strong><\/strong><img loading=\"lazy\" decoding=\"async\" class=\"alignright wp-image-175\" src=\"http:\/\/obalynamiru.cz\/wp-content\/uploads\/2018\/06\/Termo-obal-300x200.jpg\" alt=\"\" width=\"411\" height=\"274\" srcset=\"https:\/\/obalynamiru.cz\/wp-content\/uploads\/2018\/06\/Termo-obal-300x200.jpg 300w, https:\/\/obalynamiru.cz\/wp-content\/uploads\/2018\/06\/Termo-obal-768x513.jpg 768w, https:\/\/obalynamiru.cz\/wp-content\/uploads\/2018\/06\/Termo-obal.jpg 800w\" sizes=\"auto, (max-width: 411px) 100vw, 411px\" \/><strong><br \/>\n<\/strong><a href=\"http:\/\/www.obalynamiru.cz\/index.php?nid=6385&amp;lid=cs&amp;oid=982551\">viz. hlavn\u00ed produkt<\/a><\/li>\n<li><strong>PLACHTY:<\/strong><br \/>\nna m\u00edru V\u00e1m vyrob\u00edme plachtu o rozm\u011brech, kter\u00e9 si zad\u00e1te<br \/>\nMno\u017estv\u00ed: od 1 ks a\u017e po tis\u00edcov\u00e9 s\u00e9rie<br \/>\nMateri\u00e1l: jak\u00e1koliv teplem sva\u0159iteln\u00e1 f\u00f3lie (mo\u017eno i z V\u00e1mi dodan\u00e9ho materi\u00e1lu)<\/li>\n<li><strong>PLACHTY NA F\u00d3LI\u00c1KY:<\/strong><br \/>\ndle V\u00e1mi zadan\u00e9ho n\u00e1kresu konstrukce Va\u0161eho f\u00f3liovn\u00edku V\u00e1m<br \/>\nzhotov\u00edme 3D plachtu v\u010detn\u011b f\u00f3lie na okna a dve\u0159e<br \/>\nMateri\u00e1l: LD-PE f\u00f3lie o tlou\u0161\u0165ce 200my<\/li>\n<li><strong>LD-PE &#8211; PYTLE, S\u00c1\u010cKY, P\u0158\u00cd\u0158EZY:<\/strong><br \/>\nna zak\u00e1zku V\u00e1m zhotov\u00edme obaly o s\u00edl\u00e1ch 30-200my<\/li>\n<li><strong>PYTLE:<\/strong> \u0161\u00ed\u0159e 500-700 mm d\u00e9lka a\u017e 2000 mm<\/li>\n<li><strong>S\u00c1\u010cKY:<\/strong> \u0161\u00ed\u0159e 80-700 mm d\u00e9lka a\u017e 1000 mm<\/li>\n<li><strong>P\u0158\u00cd\u0158EZY:<\/strong> \u0161\u00ed\u0159e a\u017e 2600 mm d\u00e9lka neomezen\u00e1<\/li>\n<li><strong>OBALOV\u00c9 MATERI\u00c1LY: LD-PE a HD-PE f\u00f3lie<\/strong><br \/>\n-ploch\u00e1<br \/>\n-polohadice<br \/>\n-hadice<br \/>\nStandartn\u011b dod\u00e1v\u00e1me f\u00f3lie o tlou\u0161\u0165k\u00e1ch od 50-200my a \u0161\u00ed\u0159i do 1300 mm u ploch\u00e9 f\u00f3lie a 2600 mm u polohadice<\/li>\n<li><strong>MD-PE F\u00d3LIE (COEX)<\/strong><\/li>\n<li><strong>ANTIKOROZN\u00cd VCI-F\u00d3LIE<\/strong><\/li>\n<li><strong>ANTISTATICK\u00c1 F\u00d3LIE<\/strong><\/li>\n<li><strong>BUBLINKOV\u00c1 F\u00d3LIE<\/strong><\/li>\n<li><strong>STRETCH F\u00d3LIE<\/strong><\/li>\n<\/ul>\n<p><a href=\"http:\/\/obalynamiru.cz\/wp-content\/uploads\/2018\/06\/9.jpg\"><img loading=\"lazy\" decoding=\"async\" class=\"alignleft wp-image-77\" src=\"http:\/\/obalynamiru.cz\/wp-content\/uploads\/2018\/06\/9-300x225.jpg\" alt=\"\" width=\"223\" height=\"167\" srcset=\"https:\/\/obalynamiru.cz\/wp-content\/uploads\/2018\/06\/9-300x225.jpg 300w, https:\/\/obalynamiru.cz\/wp-content\/uploads\/2018\/06\/9-768x576.jpg 768w, https:\/\/obalynamiru.cz\/wp-content\/uploads\/2018\/06\/9.jpg 900w\" sizes=\"auto, (max-width: 223px) 100vw, 223px\" \/><\/a><a href=\"http:\/\/obalynamiru.cz\/wp-content\/uploads\/2018\/06\/8.jpg\"><img loading=\"lazy\" decoding=\"async\" class=\"alignleft wp-image-76\" src=\"http:\/\/obalynamiru.cz\/wp-content\/uploads\/2018\/06\/8-300x225.jpg\" alt=\"\" width=\"223\" height=\"167\" srcset=\"https:\/\/obalynamiru.cz\/wp-content\/uploads\/2018\/06\/8-300x225.jpg 300w, https:\/\/obalynamiru.cz\/wp-content\/uploads\/2018\/06\/8-768x576.jpg 768w, https:\/\/obalynamiru.cz\/wp-content\/uploads\/2018\/06\/8.jpg 900w\" sizes=\"auto, (max-width: 223px) 100vw, 223px\" \/><\/a><a href=\"http:\/\/obalynamiru.cz\/wp-content\/uploads\/2018\/06\/obal-na-pneumatiky.jpg\"><img loading=\"lazy\" decoding=\"async\" class=\"alignleft wp-image-172\" src=\"http:\/\/obalynamiru.cz\/wp-content\/uploads\/2018\/06\/obal-na-pneumatiky-300x215.jpg\" alt=\"\" width=\"234\" height=\"168\" srcset=\"https:\/\/obalynamiru.cz\/wp-content\/uploads\/2018\/06\/obal-na-pneumatiky-300x215.jpg 300w, https:\/\/obalynamiru.cz\/wp-content\/uploads\/2018\/06\/obal-na-pneumatiky.jpg 397w\" sizes=\"auto, (max-width: 234px) 100vw, 234px\" \/><\/a><\/p>\n<p>&nbsp;<\/p>\n<p>&nbsp;<\/p>\n<p>&nbsp;<\/p>\n<p>&nbsp;<\/p>\n<p>&nbsp;<\/p>\n<p><a href=\"http:\/\/obalynamiru.cz\/wp-content\/uploads\/2018\/06\/n\u00e1vleky-p\u0159ebaly-na-palety.jpg\"><img loading=\"lazy\" decoding=\"async\" class=\"alignleft wp-image-171\" src=\"http:\/\/obalynamiru.cz\/wp-content\/uploads\/2018\/06\/n\u00e1vleky-p\u0159ebaly-na-palety-300x225.jpg\" alt=\"\" width=\"227\" height=\"170\" srcset=\"https:\/\/obalynamiru.cz\/wp-content\/uploads\/2018\/06\/n\u00e1vleky-p\u0159ebaly-na-palety-300x225.jpg 300w, https:\/\/obalynamiru.cz\/wp-content\/uploads\/2018\/06\/n\u00e1vleky-p\u0159ebaly-na-palety.jpg 640w\" sizes=\"auto, (max-width: 227px) 100vw, 227px\" \/><\/a> <a href=\"http:\/\/obalynamiru.cz\/wp-content\/uploads\/2018\/06\/Ostatn\u00ed-obaly.jpg\"><img loading=\"lazy\" decoding=\"async\" class=\"alignleft wp-image-174\" src=\"http:\/\/obalynamiru.cz\/wp-content\/uploads\/2018\/06\/Ostatn\u00ed-obaly-300x225.jpg\" alt=\"\" width=\"228\" height=\"171\" srcset=\"https:\/\/obalynamiru.cz\/wp-content\/uploads\/2018\/06\/Ostatn\u00ed-obaly-300x225.jpg 300w, https:\/\/obalynamiru.cz\/wp-content\/uploads\/2018\/06\/Ostatn\u00ed-obaly-768x576.jpg 768w, https:\/\/obalynamiru.cz\/wp-content\/uploads\/2018\/06\/Ostatn\u00ed-obaly.jpg 1000w\" sizes=\"auto, (max-width: 228px) 100vw, 228px\" \/><\/a> <a href=\"http:\/\/obalynamiru.cz\/wp-content\/uploads\/2018\/06\/obaly-na-stroje.jpg\"><img loading=\"lazy\" decoding=\"async\" class=\"alignleft wp-image-173\" src=\"http:\/\/obalynamiru.cz\/wp-content\/uploads\/2018\/06\/obaly-na-stroje-300x232.jpg\" alt=\"\" width=\"222\" height=\"172\" srcset=\"https:\/\/obalynamiru.cz\/wp-content\/uploads\/2018\/06\/obaly-na-stroje-300x232.jpg 300w, https:\/\/obalynamiru.cz\/wp-content\/uploads\/2018\/06\/obaly-na-stroje.jpg 333w\" sizes=\"auto, (max-width: 222px) 100vw, 222px\" \/><\/a><\/p>\n","protected":false},"excerpt":{"rendered":"<p>3D OBALY: viz. hlavn\u00ed produkt PLACHTY: na m\u00edru V\u00e1m vyrob\u00edme plachtu o rozm\u011brech, kter\u00e9 si zad\u00e1te Mno\u017estv\u00ed: od 1 ks a\u017e po tis\u00edcov\u00e9 s\u00e9rie Materi\u00e1l: jak\u00e1koliv teplem sva\u0159iteln\u00e1 f\u00f3lie (mo\u017eno i z V\u00e1mi dodan\u00e9ho materi\u00e1lu) PLACHTY NA F\u00d3LI\u00c1KY: dle V\u00e1mi zadan\u00e9ho n\u00e1kresu konstrukce Va\u0161eho f\u00f3liovn\u00edku V\u00e1m zhotov\u00edme 3D plachtu v\u010detn\u011b<a href=\"https:\/\/obalynamiru.cz\/index.php\/zamestnani\/\" class=\"read-more\">Read More&#8230;<\/a><\/p>\n","protected":false},"author":1,"featured_media":0,"parent":0,"menu_order":0,"comment_status":"closed","ping_status":"closed","template":"fullwidth.php","meta":{"footnotes":""},"class_list":["post-15","page","type-page","status-publish","hentry"],"_links":{"self":[{"href":"https:\/\/obalynamiru.cz\/index.php\/wp-json\/wp\/v2\/pages\/15","targetHints":{"allow":["GET"]}}],"collection":[{"href":"https:\/\/obalynamiru.cz\/index.php\/wp-json\/wp\/v2\/pages"}],"about":[{"href":"https:\/\/obalynamiru.cz\/index.php\/wp-json\/wp\/v2\/types\/page"}],"author":[{"embeddable":true,"href":"https:\/\/obalynamiru.cz\/index.php\/wp-json\/wp\/v2\/users\/1"}],"replies":[{"embeddable":true,"href":"https:\/\/obalynamiru.cz\/index.php\/wp-json\/wp\/v2\/comments?post=15"}],"version-history":[{"count":25,"href":"https:\/\/obalynamiru.cz\/index.php\/wp-json\/wp\/v2\/pages\/15\/revisions"}],"predecessor-version":[{"id":200,"href":"https:\/\/obalynamiru.cz\/index.php\/wp-json\/wp\/v2\/pages\/15\/revisions\/200"}],"wp:attachment":[{"href":"https:\/\/obalynamiru.cz\/index.php\/wp-json\/wp\/v2\/media?parent=15"}],"curies":[{"name":"wp","href":"https:\/\/api.w.org\/{rel}","templated":true}]}}