{"id":26,"date":"2018-06-04T08:34:56","date_gmt":"2018-06-04T08:34:56","guid":{"rendered":"http:\/\/obalynamiru.cz\/?page_id=26"},"modified":"2021-04-21T17:49:46","modified_gmt":"2021-04-21T17:49:46","slug":"kontakt","status":"publish","type":"page","link":"https:\/\/obalynamiru.cz\/index.php\/kontakt\/","title":{"rendered":"Zam\u011bstn\u00e1n\u00ed"},"content":{"rendered":"<p><img loading=\"lazy\" decoding=\"async\" class=\"alignnone wp-image-231\" src=\"http:\/\/obalynamiru.cz\/wp-content\/uploads\/2021\/04\/inzer\u00e1t3-300x114.jpg\" alt=\"\" width=\"821\" height=\"312\" srcset=\"https:\/\/obalynamiru.cz\/wp-content\/uploads\/2021\/04\/inzer\u00e1t3-300x114.jpg 300w, https:\/\/obalynamiru.cz\/wp-content\/uploads\/2021\/04\/inzer\u00e1t3-768x292.jpg 768w, https:\/\/obalynamiru.cz\/wp-content\/uploads\/2021\/04\/inzer\u00e1t3.jpg 922w\" sizes=\"auto, (max-width: 821px) 100vw, 821px\" \/><\/p>\n<p>&nbsp;<\/p>\n","protected":false},"excerpt":{"rendered":"<p>&nbsp;<\/p>\n","protected":false},"author":1,"featured_media":0,"parent":0,"menu_order":0,"comment_status":"closed","ping_status":"closed","template":"fullwidth.php","meta":{"footnotes":""},"class_list":["post-26","page","type-page","status-publish","hentry"],"_links":{"self":[{"href":"https:\/\/obalynamiru.cz\/index.php\/wp-json\/wp\/v2\/pages\/26","targetHints":{"allow":["GET"]}}],"collection":[{"href":"https:\/\/obalynamiru.cz\/index.php\/wp-json\/wp\/v2\/pages"}],"about":[{"href":"https:\/\/obalynamiru.cz\/index.php\/wp-json\/wp\/v2\/types\/page"}],"author":[{"embeddable":true,"href":"https:\/\/obalynamiru.cz\/index.php\/wp-json\/wp\/v2\/users\/1"}],"replies":[{"embeddable":true,"href":"https:\/\/obalynamiru.cz\/index.php\/wp-json\/wp\/v2\/comments?post=26"}],"version-history":[{"count":12,"href":"https:\/\/obalynamiru.cz\/index.php\/wp-json\/wp\/v2\/pages\/26\/revisions"}],"predecessor-version":[{"id":234,"href":"https:\/\/obalynamiru.cz\/index.php\/wp-json\/wp\/v2\/pages\/26\/revisions\/234"}],"wp:attachment":[{"href":"https:\/\/obalynamiru.cz\/index.php\/wp-json\/wp\/v2\/media?parent=26"}],"curies":[{"name":"wp","href":"https:\/\/api.w.org\/{rel}","templated":true}]}}