{"id":36,"date":"2018-06-04T08:36:17","date_gmt":"2018-06-04T08:36:17","guid":{"rendered":"http:\/\/obalynamiru.cz\/?page_id=36"},"modified":"2018-06-04T14:25:30","modified_gmt":"2018-06-04T14:25:30","slug":"3d-obaly","status":"publish","type":"page","link":"https:\/\/obalynamiru.cz\/index.php\/3d-obaly\/","title":{"rendered":"Kontakty"},"content":{"rendered":"<h4><span class=\"normal-text\"><strong>OBALY NA M\u00cdRU s.r.o.<\/strong><\/span><\/h4>\n<h4><span class=\"normal-text\">Husineck\u00e1 903\/10<br \/>\n130 00 Praha 3 <\/span><\/h4>\n<h4><span class=\"normal-text\"><strong>Provozovna:<br \/>\n<\/strong>M\u011b\u0161\u00edn 34<\/span><br \/>\n<span class=\"normal-text\">586 01 Jihlava<\/span><\/h4>\n<h4><span class=\"normal-text\"><strong>I\u010cO:<\/strong> 288 97 471<\/span><\/h4>\n<h4><strong>DI\u010c:<\/strong> CZ28897471<\/h4>\n<h4><span class=\"normal-text\"><strong>Tel.:<\/strong> +420567215975 <\/span><br \/>\n<span class=\"normal-text\"><strong>Fax.:<\/strong> :+420567215975 <\/span><\/h4>\n<h4><span class=\"normal-text\"><strong>Mobil:<\/strong> +420732951339 <\/span><br \/>\n<span class=\"normal-text\"> +420604441652 <\/span><\/h4>\n<h4><span class=\"normal-text\"><strong>e-mail:<\/strong> <a href=\"mailto:obalynamiru@seznam.cz\">obalynamiru@seznam.cz<\/a><\/span><\/h4>\n<p>&nbsp;<br \/>\n<iframe loading=\"lazy\" src=\"https:\/\/www.google.com\/maps\/embed?pb=!1m18!1m12!1m3!1d3184.8938125404084!2d15.64582301587826!3d49.43574396783396!2m3!1f0!2f0!3f0!3m2!1i1024!2i768!4f13.1!3m3!1m2!1s0x470d101027ad0149%3A0xea0281eab298900c!2zTcSbxaHDrW4gMzQsIDU4NiAwMSBNxJvFocOtbg!5e1!3m2!1scs!2scz!4v1528122287862\" width=\"600\" height=\"450\" frameborder=\"0\" style=\"border:0\" allowfullscreen><\/iframe><\/p>\n","protected":false},"excerpt":{"rendered":"<p>OBALY NA M\u00cdRU s.r.o. Husineck\u00e1 903\/10 130 00 Praha 3 Provozovna: M\u011b\u0161\u00edn 34 586 01 Jihlava I\u010cO: 288 97 471 DI\u010c: CZ28897471 Tel.: +420567215975 Fax.: :+420567215975 Mobil: +420732951339 +420604441652 e-mail: obalynamiru@seznam.cz &nbsp;<\/p>\n","protected":false},"author":1,"featured_media":0,"parent":0,"menu_order":0,"comment_status":"closed","ping_status":"closed","template":"fullwidth.php","meta":{"footnotes":""},"class_list":["post-36","page","type-page","status-publish","hentry"],"_links":{"self":[{"href":"https:\/\/obalynamiru.cz\/index.php\/wp-json\/wp\/v2\/pages\/36","targetHints":{"allow":["GET"]}}],"collection":[{"href":"https:\/\/obalynamiru.cz\/index.php\/wp-json\/wp\/v2\/pages"}],"about":[{"href":"https:\/\/obalynamiru.cz\/index.php\/wp-json\/wp\/v2\/types\/page"}],"author":[{"embeddable":true,"href":"https:\/\/obalynamiru.cz\/index.php\/wp-json\/wp\/v2\/users\/1"}],"replies":[{"embeddable":true,"href":"https:\/\/obalynamiru.cz\/index.php\/wp-json\/wp\/v2\/comments?post=36"}],"version-history":[{"count":12,"href":"https:\/\/obalynamiru.cz\/index.php\/wp-json\/wp\/v2\/pages\/36\/revisions"}],"predecessor-version":[{"id":143,"href":"https:\/\/obalynamiru.cz\/index.php\/wp-json\/wp\/v2\/pages\/36\/revisions\/143"}],"wp:attachment":[{"href":"https:\/\/obalynamiru.cz\/index.php\/wp-json\/wp\/v2\/media?parent=36"}],"curies":[{"name":"wp","href":"https:\/\/api.w.org\/{rel}","templated":true}]}}