{"id":40,"date":"2018-06-04T08:37:56","date_gmt":"2018-06-04T08:37:56","guid":{"rendered":"http:\/\/obalynamiru.cz\/?page_id=40"},"modified":"2018-06-07T09:06:24","modified_gmt":"2018-06-07T09:06:24","slug":"3d-obaly-2","status":"publish","type":"page","link":"https:\/\/obalynamiru.cz\/index.php\/3d-obaly-2\/","title":{"rendered":"3D obaly"},"content":{"rendered":"<p><img loading=\"lazy\" decoding=\"async\" class=\"wp-image-73 alignleft\" src=\"http:\/\/obalynamiru.cz\/wp-content\/uploads\/2018\/06\/2.jpg\" alt=\"\" width=\"235\" height=\"176\" \/> <img loading=\"lazy\" decoding=\"async\" class=\"size-full wp-image-74 alignleft\" src=\"http:\/\/obalynamiru.cz\/wp-content\/uploads\/2018\/06\/13.jpg\" alt=\"\" width=\"233\" height=\"175\" \/>St\u011b\u017eejn\u00edm v\u00fdrobkem na\u0161\u00ed firmy je 3D obal. Tento produkt vyr\u00e1b\u00edme ji\u017e od zalo\u017een\u00ed na\u0161\u00ed spole\u010dnosti a dod\u00e1v\u00e1me ho hlavn\u011b na\u0161im n\u011bmeck\u00fdm z\u00e1kazn\u00edk\u016fm. V posledn\u00ed dob\u011b v\u0161ak stoupla popt\u00e1vka i v \u010cR. Mezi nej\u010dast\u011bji zpracovan\u00e9 f\u00f3lie na 3D obaly pat\u0159\u00ed LD-PE, HD-PE, MD-PE-coex, antikorozn\u00ed VCI f\u00f3lie, antistatick\u00e9, f\u00f3lie s UV stabiliz\u00e1torem , vrstven\u00e9 hlin\u00edkov\u00e9 bari\u00e9rov\u00e9 f\u00f3lie. Jsme v\u0161ak schopni tento obal vyrobit z jak\u00e9koliv sva\u0159iteln\u00e9 f\u00f3lie ji\u017e od 1 ks v rozm\u011brech od 20x20x20 cm a\u017e po n\u011bkolika metrov\u00e9 kusy. N\u00e1\u0161 zat\u00edm nejv\u011bt\u0161\u00ed obal m\u011bl d\u00e9lku 14 m.<\/p>\n<p>&nbsp;<\/p>\n<p>&nbsp;<\/p>\n","protected":false},"excerpt":{"rendered":"<p>St\u011b\u017eejn\u00edm v\u00fdrobkem na\u0161\u00ed firmy je 3D obal. Tento produkt vyr\u00e1b\u00edme ji\u017e od zalo\u017een\u00ed na\u0161\u00ed spole\u010dnosti a dod\u00e1v\u00e1me ho hlavn\u011b na\u0161im n\u011bmeck\u00fdm z\u00e1kazn\u00edk\u016fm. V posledn\u00ed dob\u011b v\u0161ak stoupla popt\u00e1vka i v \u010cR. Mezi nej\u010dast\u011bji zpracovan\u00e9 f\u00f3lie na 3D obaly pat\u0159\u00ed LD-PE, HD-PE, MD-PE-coex, antikorozn\u00ed VCI f\u00f3lie, antistatick\u00e9, f\u00f3lie s UV stabiliz\u00e1torem<a href=\"https:\/\/obalynamiru.cz\/index.php\/3d-obaly-2\/\" class=\"read-more\">Read More&#8230;<\/a><\/p>\n","protected":false},"author":1,"featured_media":0,"parent":0,"menu_order":0,"comment_status":"closed","ping_status":"closed","template":"fullwidth.php","meta":{"footnotes":""},"class_list":["post-40","page","type-page","status-publish","hentry"],"_links":{"self":[{"href":"https:\/\/obalynamiru.cz\/index.php\/wp-json\/wp\/v2\/pages\/40","targetHints":{"allow":["GET"]}}],"collection":[{"href":"https:\/\/obalynamiru.cz\/index.php\/wp-json\/wp\/v2\/pages"}],"about":[{"href":"https:\/\/obalynamiru.cz\/index.php\/wp-json\/wp\/v2\/types\/page"}],"author":[{"embeddable":true,"href":"https:\/\/obalynamiru.cz\/index.php\/wp-json\/wp\/v2\/users\/1"}],"replies":[{"embeddable":true,"href":"https:\/\/obalynamiru.cz\/index.php\/wp-json\/wp\/v2\/comments?post=40"}],"version-history":[{"count":8,"href":"https:\/\/obalynamiru.cz\/index.php\/wp-json\/wp\/v2\/pages\/40\/revisions"}],"predecessor-version":[{"id":70,"href":"https:\/\/obalynamiru.cz\/index.php\/wp-json\/wp\/v2\/pages\/40\/revisions\/70"}],"wp:attachment":[{"href":"https:\/\/obalynamiru.cz\/index.php\/wp-json\/wp\/v2\/media?parent=40"}],"curies":[{"name":"wp","href":"https:\/\/api.w.org\/{rel}","templated":true}]}}